{"id":30503,"date":"2021-04-16T09:06:42","date_gmt":"2021-04-16T08:06:42","guid":{"rendered":"https:\/\/www.online-sound.fr\/?post_type=product&#038;p=30503"},"modified":"2021-11-11T11:48:15","modified_gmt":"2021-11-11T10:48:15","slug":"mixage","status":"publish","type":"product","link":"https:\/\/www.online-sound.fr\/en\/product\/mixage\/","title":{"rendered":"Mixing + Mastering"},"content":{"rendered":"<div data-elementor-type=\"product-post\" data-elementor-id=\"30503\" class=\"elementor elementor-30503\" data-elementor-post-type=\"product\">\n\t\t\t\t\t\t<section class=\"elementor-section elementor-top-section elementor-element elementor-element-263a375 elementor-section-boxed elementor-section-height-default elementor-section-height-default\" data-id=\"263a375\" data-element_type=\"section\" data-e-type=\"section\">\n\t\t\t\t\t\t<div class=\"elementor-container elementor-column-gap-default\">\n\t\t\t\t\t<div class=\"elementor-column elementor-col-100 elementor-top-column elementor-element elementor-element-459f18d\" data-id=\"459f18d\" data-element_type=\"column\" data-e-type=\"column\">\n\t\t\t<div class=\"elementor-widget-wrap elementor-element-populated\">\n\t\t\t\t\t\t<div class=\"elementor-element elementor-element-ea8681e elementor-widget elementor-widget-text-editor\" data-id=\"ea8681e\" data-element_type=\"widget\" data-e-type=\"widget\" data-widget_type=\"text-editor.default\">\n\t\t\t\t<div class=\"elementor-widget-container\">\n\t\t\t\t\t\t\t\t\t<p><strong>Our service includes the following tasks:<\/strong><br \/>\u2013 Individual processing of each track (EQ, compression, gate, etc.)<br \/>\u2013 Added effects (reverb, delay, chorus, etc.)<br \/>\u2013 If necessary: cleaning the tracks, correcting the accuracy of the voice (Autotune)<br \/>- Mastering of the mix<br \/>- Three sets of touch-ups<\/p><p><strong>Several possible options, to add to the order:<\/strong><br \/>\u2013 Additional master for streaming platforms (Youtube, Spotify, Deezer, etc.)<br \/>\u2013 Alternative version (radio edit, a cappella, instrumental)<br \/>- Stems export for live performance (up to 8 stems)<\/p>\t\t\t\t\t\t\t\t<\/div>\n\t\t\t\t<\/div>\n\t\t\t\t\t<\/div>\n\t\t<\/div>\n\t\t\t\t\t<\/div>\n\t\t<\/section>\n\t\t\t\t<\/div>","protected":false},"excerpt":{"rendered":"<p>Notre prestation inclut les services suivants : \u2013 Traitement individuel de chaque piste (EQ, compression, gate\u2026) \u2013 Ajout d\u2019effets (reverb, delay, chorus\u2026) \u2013 Si n\u00e9cessaire : nettoyage des pistes, correction de la justesse de la voix (Autotune) \u2013 Mastering du mix \u2013 Trois s\u00e9ries de retouches Plusieurs options possibles, \u00e0 ajouter \u00e0 la commande :&hellip;<\/p>","protected":false},"featured_media":4771,"template":"","meta":[],"product_brand":[],"product_cat":[46],"product_tag":[],"class_list":{"0":"post-30503","1":"product","2":"type-product","3":"status-publish","4":"has-post-thumbnail","6":"product_cat-mixage","8":"first","9":"instock","10":"shipping-taxable","11":"purchasable","12":"product-type-variable"},"yoast_head":"<!-- This site is optimized with the Yoast SEO plugin v27.5 - https:\/\/yoast.com\/product\/yoast-seo-wordpress\/ -->\n<title>Mixage + Mastering | Online Sound<\/title>\n<meta name=\"robots\" content=\"index, follow, max-snippet:-1, max-image-preview:large, max-video-preview:-1\" \/>\n<link rel=\"canonical\" href=\"https:\/\/www.online-sound.fr\/en\/product\/mixage\/\" \/>\n<meta property=\"og:locale\" content=\"en_GB\" \/>\n<meta property=\"og:type\" content=\"article\" \/>\n<meta property=\"og:title\" content=\"Mixage + Mastering | Online Sound\" \/>\n<meta property=\"og:description\" content=\"Notre prestation inclut les services suivants : \u2013 Traitement individuel de chaque piste (EQ, compression, gate\u2026) \u2013 Ajout d\u2019effets (reverb, delay, chorus\u2026) \u2013 Si n\u00e9cessaire : nettoyage des pistes, correction de la justesse de la voix (Autotune) \u2013 Mastering du mix \u2013 Trois s\u00e9ries de retouches Plusieurs options possibles, \u00e0 ajouter \u00e0 la commande :&hellip;\" \/>\n<meta property=\"og:url\" content=\"https:\/\/www.online-sound.fr\/en\/product\/mixage\/\" \/>\n<meta property=\"og:site_name\" content=\"Online Sound\" \/>\n<meta property=\"article:modified_time\" content=\"2021-11-11T10:48:15+00:00\" \/>\n<meta property=\"og:image\" content=\"https:\/\/www.online-sound.fr\/wp-content\/uploads\/2021\/04\/mixage.jpg\" \/>\n\t<meta property=\"og:image:width\" content=\"320\" \/>\n\t<meta property=\"og:image:height\" content=\"240\" \/>\n\t<meta property=\"og:image:type\" content=\"image\/jpeg\" \/>\n<script type=\"application\/ld+json\" class=\"yoast-schema-graph\">{\"@context\":\"https:\\\/\\\/schema.org\",\"@graph\":[{\"@type\":\"WebPage\",\"@id\":\"https:\\\/\\\/www.online-sound.fr\\\/produit\\\/mixage\\\/\",\"url\":\"https:\\\/\\\/www.online-sound.fr\\\/produit\\\/mixage\\\/\",\"name\":\"Mixage + Mastering | Online Sound\",\"isPartOf\":{\"@id\":\"https:\\\/\\\/www.online-sound.fr\\\/#website\"},\"primaryImageOfPage\":{\"@id\":\"https:\\\/\\\/www.online-sound.fr\\\/produit\\\/mixage\\\/#primaryimage\"},\"image\":{\"@id\":\"https:\\\/\\\/www.online-sound.fr\\\/produit\\\/mixage\\\/#primaryimage\"},\"thumbnailUrl\":\"https:\\\/\\\/www.online-sound.fr\\\/wp-content\\\/uploads\\\/2021\\\/04\\\/mixage.jpg\",\"datePublished\":\"2021-04-16T08:06:42+00:00\",\"dateModified\":\"2021-11-11T10:48:15+00:00\",\"breadcrumb\":{\"@id\":\"https:\\\/\\\/www.online-sound.fr\\\/produit\\\/mixage\\\/#breadcrumb\"},\"inLanguage\":\"en-GB\",\"potentialAction\":[{\"@type\":\"ReadAction\",\"target\":[\"https:\\\/\\\/www.online-sound.fr\\\/produit\\\/mixage\\\/\"]}]},{\"@type\":\"ImageObject\",\"inLanguage\":\"en-GB\",\"@id\":\"https:\\\/\\\/www.online-sound.fr\\\/produit\\\/mixage\\\/#primaryimage\",\"url\":\"https:\\\/\\\/www.online-sound.fr\\\/wp-content\\\/uploads\\\/2021\\\/04\\\/mixage.jpg\",\"contentUrl\":\"https:\\\/\\\/www.online-sound.fr\\\/wp-content\\\/uploads\\\/2021\\\/04\\\/mixage.jpg\",\"width\":320,\"height\":240},{\"@type\":\"BreadcrumbList\",\"@id\":\"https:\\\/\\\/www.online-sound.fr\\\/produit\\\/mixage\\\/#breadcrumb\",\"itemListElement\":[{\"@type\":\"ListItem\",\"position\":1,\"name\":\"Accueil\",\"item\":\"https:\\\/\\\/www.online-sound.fr\\\/\"},{\"@type\":\"ListItem\",\"position\":2,\"name\":\"Commande\",\"item\":\"https:\\\/\\\/www.online-sound.fr\\\/commande\\\/\"},{\"@type\":\"ListItem\",\"position\":3,\"name\":\"Mixage + Mastering\"}]},{\"@type\":\"WebSite\",\"@id\":\"https:\\\/\\\/www.online-sound.fr\\\/#website\",\"url\":\"https:\\\/\\\/www.online-sound.fr\\\/\",\"name\":\"Online Sound\",\"description\":\"Mixage et Mastering en ligne\",\"publisher\":{\"@id\":\"https:\\\/\\\/www.online-sound.fr\\\/#organization\"},\"potentialAction\":[{\"@type\":\"SearchAction\",\"target\":{\"@type\":\"EntryPoint\",\"urlTemplate\":\"https:\\\/\\\/www.online-sound.fr\\\/?s={search_term_string}\"},\"query-input\":{\"@type\":\"PropertyValueSpecification\",\"valueRequired\":true,\"valueName\":\"search_term_string\"}}],\"inLanguage\":\"en-GB\"},{\"@type\":\"Organization\",\"@id\":\"https:\\\/\\\/www.online-sound.fr\\\/#organization\",\"name\":\"Online Sound\",\"url\":\"https:\\\/\\\/www.online-sound.fr\\\/\",\"logo\":{\"@type\":\"ImageObject\",\"inLanguage\":\"en-GB\",\"@id\":\"https:\\\/\\\/www.online-sound.fr\\\/#\\\/schema\\\/logo\\\/image\\\/\",\"url\":\"https:\\\/\\\/www.online-sound.fr\\\/wp-content\\\/uploads\\\/2025\\\/03\\\/167341379_padded_logo-2.png\",\"contentUrl\":\"https:\\\/\\\/www.online-sound.fr\\\/wp-content\\\/uploads\\\/2025\\\/03\\\/167341379_padded_logo-2.png\",\"width\":800,\"height\":800,\"caption\":\"Online Sound\"},\"image\":{\"@id\":\"https:\\\/\\\/www.online-sound.fr\\\/#\\\/schema\\\/logo\\\/image\\\/\"},\"sameAs\":[\"https:\\\/\\\/soundcloud.com\\\/onlinesound\"]}]}<\/script>\n<!-- \/ Yoast SEO plugin. -->","yoast_head_json":{"title":"Mixage + Mastering | Online Sound","robots":{"index":"index","follow":"follow","max-snippet":"max-snippet:-1","max-image-preview":"max-image-preview:large","max-video-preview":"max-video-preview:-1"},"canonical":"https:\/\/www.online-sound.fr\/en\/product\/mixage\/","og_locale":"en_GB","og_type":"article","og_title":"Mixage + Mastering | Online Sound","og_description":"Notre prestation inclut les services suivants : \u2013 Traitement individuel de chaque piste (EQ, compression, gate\u2026) \u2013 Ajout d\u2019effets (reverb, delay, chorus\u2026) \u2013 Si n\u00e9cessaire : nettoyage des pistes, correction de la justesse de la voix (Autotune) \u2013 Mastering du mix \u2013 Trois s\u00e9ries de retouches Plusieurs options possibles, \u00e0 ajouter \u00e0 la commande :&hellip;","og_url":"https:\/\/www.online-sound.fr\/en\/product\/mixage\/","og_site_name":"Online Sound","article_modified_time":"2021-11-11T10:48:15+00:00","og_image":[{"width":320,"height":240,"url":"https:\/\/www.online-sound.fr\/wp-content\/uploads\/2021\/04\/mixage.jpg","type":"image\/jpeg"}],"schema":{"@context":"https:\/\/schema.org","@graph":[{"@type":"WebPage","@id":"https:\/\/www.online-sound.fr\/produit\/mixage\/","url":"https:\/\/www.online-sound.fr\/produit\/mixage\/","name":"Mixage + Mastering | Online Sound","isPartOf":{"@id":"https:\/\/www.online-sound.fr\/#website"},"primaryImageOfPage":{"@id":"https:\/\/www.online-sound.fr\/produit\/mixage\/#primaryimage"},"image":{"@id":"https:\/\/www.online-sound.fr\/produit\/mixage\/#primaryimage"},"thumbnailUrl":"https:\/\/www.online-sound.fr\/wp-content\/uploads\/2021\/04\/mixage.jpg","datePublished":"2021-04-16T08:06:42+00:00","dateModified":"2021-11-11T10:48:15+00:00","breadcrumb":{"@id":"https:\/\/www.online-sound.fr\/produit\/mixage\/#breadcrumb"},"inLanguage":"en-GB","potentialAction":[{"@type":"ReadAction","target":["https:\/\/www.online-sound.fr\/produit\/mixage\/"]}]},{"@type":"ImageObject","inLanguage":"en-GB","@id":"https:\/\/www.online-sound.fr\/produit\/mixage\/#primaryimage","url":"https:\/\/www.online-sound.fr\/wp-content\/uploads\/2021\/04\/mixage.jpg","contentUrl":"https:\/\/www.online-sound.fr\/wp-content\/uploads\/2021\/04\/mixage.jpg","width":320,"height":240},{"@type":"BreadcrumbList","@id":"https:\/\/www.online-sound.fr\/produit\/mixage\/#breadcrumb","itemListElement":[{"@type":"ListItem","position":1,"name":"Accueil","item":"https:\/\/www.online-sound.fr\/"},{"@type":"ListItem","position":2,"name":"Commande","item":"https:\/\/www.online-sound.fr\/commande\/"},{"@type":"ListItem","position":3,"name":"Mixage + Mastering"}]},{"@type":"WebSite","@id":"https:\/\/www.online-sound.fr\/#website","url":"https:\/\/www.online-sound.fr\/","name":"Online Sound","description":"Online mixing and mastering","publisher":{"@id":"https:\/\/www.online-sound.fr\/#organization"},"potentialAction":[{"@type":"SearchAction","target":{"@type":"EntryPoint","urlTemplate":"https:\/\/www.online-sound.fr\/?s={search_term_string}"},"query-input":{"@type":"PropertyValueSpecification","valueRequired":true,"valueName":"search_term_string"}}],"inLanguage":"en-GB"},{"@type":"Organization","@id":"https:\/\/www.online-sound.fr\/#organization","name":"Online Sound","url":"https:\/\/www.online-sound.fr\/","logo":{"@type":"ImageObject","inLanguage":"en-GB","@id":"https:\/\/www.online-sound.fr\/#\/schema\/logo\/image\/","url":"https:\/\/www.online-sound.fr\/wp-content\/uploads\/2025\/03\/167341379_padded_logo-2.png","contentUrl":"https:\/\/www.online-sound.fr\/wp-content\/uploads\/2025\/03\/167341379_padded_logo-2.png","width":800,"height":800,"caption":"Online Sound"},"image":{"@id":"https:\/\/www.online-sound.fr\/#\/schema\/logo\/image\/"},"sameAs":["https:\/\/soundcloud.com\/onlinesound"]}]}},"_links":{"self":[{"href":"https:\/\/www.online-sound.fr\/en\/wp-json\/wp\/v2\/product\/30503","targetHints":{"allow":["GET"]}}],"collection":[{"href":"https:\/\/www.online-sound.fr\/en\/wp-json\/wp\/v2\/product"}],"about":[{"href":"https:\/\/www.online-sound.fr\/en\/wp-json\/wp\/v2\/types\/product"}],"version-history":[{"count":0,"href":"https:\/\/www.online-sound.fr\/en\/wp-json\/wp\/v2\/product\/30503\/revisions"}],"wp:featuredmedia":[{"embeddable":true,"href":"https:\/\/www.online-sound.fr\/en\/wp-json\/wp\/v2\/media\/4771"}],"wp:attachment":[{"href":"https:\/\/www.online-sound.fr\/en\/wp-json\/wp\/v2\/media?parent=30503"}],"wp:term":[{"taxonomy":"product_brand","embeddable":true,"href":"https:\/\/www.online-sound.fr\/en\/wp-json\/wp\/v2\/product_brand?post=30503"},{"taxonomy":"product_cat","embeddable":true,"href":"https:\/\/www.online-sound.fr\/en\/wp-json\/wp\/v2\/product_cat?post=30503"},{"taxonomy":"product_tag","embeddable":true,"href":"https:\/\/www.online-sound.fr\/en\/wp-json\/wp\/v2\/product_tag?post=30503"}],"curies":[{"name":"wp","href":"https:\/\/api.w.org\/{rel}","templated":true}]}}