{"id":30537,"date":"2021-04-16T14:38:30","date_gmt":"2021-04-16T13:38:30","guid":{"rendered":"https:\/\/www.online-sound.fr\/?page_id=30537"},"modified":"2025-05-24T14:00:06","modified_gmt":"2025-05-24T13:00:06","slug":"contact","status":"publish","type":"page","link":"https:\/\/www.online-sound.fr\/en\/contact\/","title":{"rendered":"Contact"},"content":{"rendered":"\t\t<div data-elementor-type=\"wp-page\" data-elementor-id=\"30537\" class=\"elementor elementor-30537\" data-elementor-post-type=\"page\">\n\t\t\t\t\t\t<section class=\"elementor-section elementor-top-section elementor-element elementor-element-05a4a99 elementor-section-boxed elementor-section-height-default elementor-section-height-default\" data-id=\"05a4a99\" data-element_type=\"section\" data-e-type=\"section\">\n\t\t\t\t\t\t<div class=\"elementor-container elementor-column-gap-default\">\n\t\t\t\t\t<div class=\"elementor-column elementor-col-100 elementor-top-column elementor-element elementor-element-8ad3ccf\" data-id=\"8ad3ccf\" data-element_type=\"column\" data-e-type=\"column\">\n\t\t\t<div class=\"elementor-widget-wrap\">\n\t\t\t\t\t\t\t<\/div>\n\t\t<\/div>\n\t\t\t\t\t<\/div>\n\t\t<\/section>\n\t\t\t\t<section class=\"elementor-section elementor-top-section elementor-element elementor-element-ae19f35 elementor-section-boxed elementor-section-height-default elementor-section-height-default\" data-id=\"ae19f35\" data-element_type=\"section\" data-e-type=\"section\">\n\t\t\t\t\t\t<div class=\"elementor-container elementor-column-gap-default\">\n\t\t\t\t\t<div class=\"elementor-column elementor-col-100 elementor-top-column elementor-element elementor-element-eaa3bb1\" data-id=\"eaa3bb1\" data-element_type=\"column\" data-e-type=\"column\">\n\t\t\t<div class=\"elementor-widget-wrap elementor-element-populated\">\n\t\t\t\t\t\t<div class=\"elementor-element elementor-element-8640783 elementor-widget elementor-widget-spacer\" data-id=\"8640783\" data-element_type=\"widget\" data-e-type=\"widget\" data-widget_type=\"spacer.default\">\n\t\t\t\t<div class=\"elementor-widget-container\">\n\t\t\t\t\t\t\t<div class=\"elementor-spacer\">\n\t\t\t<div class=\"elementor-spacer-inner\"><\/div>\n\t\t<\/div>\n\t\t\t\t\t\t<\/div>\n\t\t\t\t<\/div>\n\t\t\t\t<div class=\"elementor-element elementor-element-b2b7a3a elementor-widget elementor-widget-text-editor\" data-id=\"b2b7a3a\" data-element_type=\"widget\" data-e-type=\"widget\" data-widget_type=\"text-editor.default\">\n\t\t\t\t<div class=\"elementor-widget-container\">\n\t\t\t\t\t\t\t\t\t<p>Vous pouvez nous contacter en remplissant le formulaire suivant et en pr\u00e9cisant l\u2019objet de votre demande ainsi que vos coordonn\u00e9es. Vous pouvez \u00e9galement contacter directement\u00a0notre ing\u00e9nieur du son au <strong>06.21.50.31.62\u00a0<\/strong>du lundi au vendredi de 10h \u00e0 19h.<\/p><p><strong><em>Pour envoyer vos fichiers, <a href=\"https:\/\/onlinesound.wetransfer.com\">cliquez ici<\/a>. <\/em><\/strong><\/p><p>Merci de fournir le maximum d\u2019informations sur votre projet (r\u00e9sultat souhait\u00e9, r\u00e9f\u00e9rences, pr\u00e9mix\u2026).<\/p><p>ATTENTION : seuls les fichiers WAV et AIFF (minimum 44.1Khz 24bits) sont autoris\u00e9s. Les fichiers compress\u00e9s (MP3, AAC, WMA\u2026) ne sont pas accept\u00e9s.<\/p>\t\t\t\t\t\t\t\t<\/div>\n\t\t\t\t<\/div>\n\t\t\t\t<div class=\"elementor-element elementor-element-9b2f4c7 elementor-widget elementor-widget-spacer\" data-id=\"9b2f4c7\" data-element_type=\"widget\" data-e-type=\"widget\" data-widget_type=\"spacer.default\">\n\t\t\t\t<div class=\"elementor-widget-container\">\n\t\t\t\t\t\t\t<div class=\"elementor-spacer\">\n\t\t\t<div class=\"elementor-spacer-inner\"><\/div>\n\t\t<\/div>\n\t\t\t\t\t\t<\/div>\n\t\t\t\t<\/div>\n\t\t\t\t\t<\/div>\n\t\t<\/div>\n\t\t\t\t\t<\/div>\n\t\t<\/section>\n\t\t\t\t<section class=\"elementor-section elementor-top-section elementor-element elementor-element-317dc11 elementor-section-boxed elementor-section-height-default elementor-section-height-default\" data-id=\"317dc11\" data-element_type=\"section\" data-e-type=\"section\">\n\t\t\t\t\t\t<div class=\"elementor-container elementor-column-gap-default\">\n\t\t\t\t\t<div class=\"elementor-column elementor-col-100 elementor-top-column elementor-element elementor-element-98fe04f\" data-id=\"98fe04f\" data-element_type=\"column\" data-e-type=\"column\">\n\t\t\t<div class=\"elementor-widget-wrap elementor-element-populated\">\n\t\t\t\t\t\t<div class=\"elementor-element elementor-element-e787ac1 elementor-widget__width-initial elementor-widget elementor-widget-text-editor\" data-id=\"e787ac1\" data-element_type=\"widget\" data-e-type=\"widget\" data-widget_type=\"text-editor.default\">\n\t\t\t\t<div class=\"elementor-widget-container\">\n\t\t\t\t\t\t\t\t\t<p><style id=\"wpforms-css-vars-32827\">\n\t\t\t\t#wpforms-32827 {\n\t\t\t\t\n\t\t\t}\n\t\t\t<\/style><div class=\"wpforms-container wpforms-container-full wpforms-render-modern\" id=\"wpforms-32827\"><form id=\"wpforms-form-32827\" class=\"wpforms-validate wpforms-form wpforms-ajax-form\" data-formid=\"32827\" method=\"post\" enctype=\"multipart\/form-data\" action=\"\/en\/wp-json\/wp\/v2\/pages\/30537\" data-token=\"805290720465192e499644f11626d560\" data-token-time=\"1777661044\"><noscript class=\"wpforms-error-noscript\">Please enable JavaScript in your browser to complete this form.<\/noscript><div id=\"wpforms-error-noscript\" style=\"display: none;\">Please enable JavaScript in your browser to complete this form.<\/div><div class=\"wpforms-field-container\"><div id=\"wpforms-32827-field_0-container\" class=\"wpforms-field wpforms-field-name\" data-field-id=\"0\"><fieldset><legend class=\"wpforms-field-label\">Nom <span class=\"wpforms-required-label\" aria-hidden=\"true\">*<\/span><\/legend><div class=\"wpforms-field-row wpforms-field-medium\"><div class=\"wpforms-field-row-block wpforms-first wpforms-one-half\"><input type=\"text\" id=\"wpforms-32827-field_0\" class=\"wpforms-field-name-first wpforms-field-required\" name=\"wpforms[fields][0][first]\" aria-errormessage=\"wpforms-32827-field_0-error\" required><label for=\"wpforms-32827-field_0\" class=\"wpforms-field-sublabel after\">First<\/label><\/div><div class=\"wpforms-field-row-block wpforms-one-half\"><input type=\"text\" id=\"wpforms-32827-field_0-last\" class=\"wpforms-field-name-last wpforms-field-required\" name=\"wpforms[fields][0][last]\" aria-errormessage=\"wpforms-32827-field_0-last-error\" required><label for=\"wpforms-32827-field_0-last\" class=\"wpforms-field-sublabel after\">Last<\/label><\/div><\/div><\/fieldset><\/div><div id=\"wpforms-32827-field_1-container\" class=\"wpforms-field wpforms-field-email\" data-field-id=\"1\"><label class=\"wpforms-field-label\" for=\"wpforms-32827-field_1\">E-mail <span class=\"wpforms-required-label\" aria-hidden=\"true\">*<\/span><\/label><input type=\"email\" id=\"wpforms-32827-field_1\" class=\"wpforms-field-medium wpforms-field-required\" name=\"wpforms[fields][1]\" spellcheck=\"false\" aria-errormessage=\"wpforms-32827-field_1-error\" required><\/div><div id=\"wpforms-32827-field_4-container\" class=\"wpforms-field wpforms-field-text\" data-field-id=\"4\"><label class=\"wpforms-field-label\" for=\"wpforms-32827-field_4\">T\u00e9l\u00e9phone<\/label><input type=\"text\" id=\"wpforms-32827-field_4\" class=\"wpforms-field-medium\" name=\"wpforms[fields][4]\" aria-errormessage=\"wpforms-32827-field_4-error\" ><\/div><div id=\"wpforms-32827-field_2-container\" class=\"wpforms-field wpforms-field-textarea\" data-field-id=\"2\"><label class=\"wpforms-field-label\" for=\"wpforms-32827-field_2\">Message <span class=\"wpforms-required-label\" aria-hidden=\"true\">*<\/span><\/label><textarea id=\"wpforms-32827-field_2\" class=\"wpforms-field-medium wpforms-field-required\" name=\"wpforms[fields][2]\" aria-errormessage=\"wpforms-32827-field_2-error\" required><\/textarea><\/div><\/div><!-- .wpforms-field-container --><div class=\"wpforms-recaptcha-container wpforms-is-hcaptcha\" ><div class=\"h-captcha\" data-sitekey=\"94daf634-b2a6-4de0-beb2-0060829c9c3e\"><\/div><input type=\"text\" name=\"g-recaptcha-hidden\" class=\"wpforms-recaptcha-hidden\" style=\"position:absolute!important;clip:rect(0,0,0,0)!important;height:1px!important;width:1px!important;border:0!important;overflow:hidden!important;padding:0!important;margin:0!important;\" data-rule-hcaptcha=\"1\"><\/div><div class=\"wpforms-submit-container\" ><input type=\"hidden\" name=\"wpforms[id]\" value=\"32827\"><input type=\"hidden\" name=\"page_title\" value=\"\"><input type=\"hidden\" name=\"page_url\" value=\"https:\/\/www.online-sound.fr\/en\/wp-json\/wp\/v2\/pages\/30537\"><input type=\"hidden\" name=\"url_referer\" value=\"\"><button type=\"submit\" name=\"wpforms[submit]\" id=\"wpforms-submit-32827\" class=\"wpforms-submit\" data-alt-text=\"Envoi...\" data-submit-text=\"Envoyer\" aria-live=\"assertive\" value=\"wpforms-submit\">Envoyer<\/button><img decoding=\"async\" src=\"https:\/\/www.online-sound.fr\/wp-content\/plugins\/wpforms-lite\/assets\/images\/submit-spin.svg\" class=\"wpforms-submit-spinner\" style=\"display: none;\" width=\"26\" height=\"26\" alt=\"Loading\"><\/div><\/form><\/div>  <!-- .wpforms-container --><\/p>\t\t\t\t\t\t\t\t<\/div>\n\t\t\t\t<\/div>\n\t\t\t\t\t<\/div>\n\t\t<\/div>\n\t\t\t\t\t<\/div>\n\t\t<\/section>\n\t\t\t\t<section class=\"elementor-section elementor-top-section elementor-element elementor-element-f4b6d22 elementor-section-full_width elementor-section-height-default elementor-section-height-default\" data-id=\"f4b6d22\" data-element_type=\"section\" data-e-type=\"section\">\n\t\t\t\t\t\t<div class=\"elementor-container elementor-column-gap-default\">\n\t\t\t\t\t<div class=\"elementor-column elementor-col-100 elementor-top-column elementor-element elementor-element-424a91a\" data-id=\"424a91a\" data-element_type=\"column\" data-e-type=\"column\">\n\t\t\t<div class=\"elementor-widget-wrap elementor-element-populated\">\n\t\t\t\t\t\t<div class=\"elementor-element elementor-element-76783aa elementor-widget elementor-widget-spacer\" data-id=\"76783aa\" data-element_type=\"widget\" data-e-type=\"widget\" data-widget_type=\"spacer.default\">\n\t\t\t\t<div class=\"elementor-widget-container\">\n\t\t\t\t\t\t\t<div class=\"elementor-spacer\">\n\t\t\t<div class=\"elementor-spacer-inner\"><\/div>\n\t\t<\/div>\n\t\t\t\t\t\t<\/div>\n\t\t\t\t<\/div>\n\t\t\t\t\t<\/div>\n\t\t<\/div>\n\t\t\t\t\t<\/div>\n\t\t<\/section>\n\t\t\t\t<\/div>\n\t\t","protected":false},"excerpt":{"rendered":"<p>Vous pouvez nous contacter en remplissant le formulaire suivant et en pr\u00e9cisant l\u2019objet de votre demande ainsi que vos coordonn\u00e9es. Vous pouvez \u00e9galement contacter directement\u00a0notre ing\u00e9nieur du son au 06.21.50.31.62\u00a0du lundi au vendredi de 10h \u00e0 19h. Pour envoyer vos fichiers, cliquez ici. Merci de fournir le maximum d\u2019informations sur votre projet (r\u00e9sultat souhait\u00e9, r\u00e9f\u00e9rences,&hellip;<\/p>","protected":false},"author":1,"featured_media":0,"parent":0,"menu_order":0,"comment_status":"closed","ping_status":"closed","template":"elementor_header_footer","meta":{"footnotes":""},"class_list":["post-30537","page","type-page","status-publish","hentry"],"yoast_head":"<!-- This site is optimized with the Yoast SEO plugin v27.5 - https:\/\/yoast.com\/product\/yoast-seo-wordpress\/ -->\n<title>Contact - Online Sound<\/title>\n<meta name=\"description\" content=\"Vous pouvez nous contacter en remplissant le formulaire suivant et en pr\u00e9cisant l\u2019objet de votre demande ainsi que vos coordonn\u00e9es. Vous pouvez \u00e9galement\" \/>\n<meta name=\"robots\" content=\"index, follow, max-snippet:-1, max-image-preview:large, max-video-preview:-1\" \/>\n<link rel=\"canonical\" href=\"https:\/\/www.online-sound.fr\/en\/contact\/\" \/>\n<meta property=\"og:locale\" content=\"en_GB\" \/>\n<meta property=\"og:type\" content=\"article\" \/>\n<meta property=\"og:title\" content=\"Contact - Online Sound\" \/>\n<meta property=\"og:description\" content=\"Vous pouvez nous contacter en remplissant le formulaire suivant et en pr\u00e9cisant l\u2019objet de votre demande ainsi que vos coordonn\u00e9es. Vous pouvez \u00e9galement\" \/>\n<meta property=\"og:url\" content=\"https:\/\/www.online-sound.fr\/en\/contact\/\" \/>\n<meta property=\"og:site_name\" content=\"Online Sound\" \/>\n<meta property=\"article:modified_time\" content=\"2025-05-24T13:00:06+00:00\" \/>\n<meta name=\"twitter:label1\" content=\"Estimated reading time\" \/>\n\t<meta name=\"twitter:data1\" content=\"1 minute\" \/>\n<script type=\"application\/ld+json\" class=\"yoast-schema-graph\">{\"@context\":\"https:\\\/\\\/schema.org\",\"@graph\":[{\"@type\":\"WebPage\",\"@id\":\"https:\\\/\\\/www.online-sound.fr\\\/contact\\\/\",\"url\":\"https:\\\/\\\/www.online-sound.fr\\\/contact\\\/\",\"name\":\"Contact - Online Sound\",\"isPartOf\":{\"@id\":\"https:\\\/\\\/www.online-sound.fr\\\/#website\"},\"datePublished\":\"2021-04-16T13:38:30+00:00\",\"dateModified\":\"2025-05-24T13:00:06+00:00\",\"description\":\"Vous pouvez nous contacter en remplissant le formulaire suivant et en pr\u00e9cisant l\u2019objet de votre demande ainsi que vos coordonn\u00e9es. Vous pouvez \u00e9galement\",\"breadcrumb\":{\"@id\":\"https:\\\/\\\/www.online-sound.fr\\\/contact\\\/#breadcrumb\"},\"inLanguage\":\"en-GB\",\"potentialAction\":[{\"@type\":\"ReadAction\",\"target\":[\"https:\\\/\\\/www.online-sound.fr\\\/contact\\\/\"]}]},{\"@type\":\"BreadcrumbList\",\"@id\":\"https:\\\/\\\/www.online-sound.fr\\\/contact\\\/#breadcrumb\",\"itemListElement\":[{\"@type\":\"ListItem\",\"position\":1,\"name\":\"Accueil\",\"item\":\"https:\\\/\\\/www.online-sound.fr\\\/\"},{\"@type\":\"ListItem\",\"position\":2,\"name\":\"Contact\"}]},{\"@type\":\"WebSite\",\"@id\":\"https:\\\/\\\/www.online-sound.fr\\\/#website\",\"url\":\"https:\\\/\\\/www.online-sound.fr\\\/\",\"name\":\"Online Sound\",\"description\":\"Mixage et Mastering en ligne\",\"publisher\":{\"@id\":\"https:\\\/\\\/www.online-sound.fr\\\/#organization\"},\"potentialAction\":[{\"@type\":\"SearchAction\",\"target\":{\"@type\":\"EntryPoint\",\"urlTemplate\":\"https:\\\/\\\/www.online-sound.fr\\\/?s={search_term_string}\"},\"query-input\":{\"@type\":\"PropertyValueSpecification\",\"valueRequired\":true,\"valueName\":\"search_term_string\"}}],\"inLanguage\":\"en-GB\"},{\"@type\":\"Organization\",\"@id\":\"https:\\\/\\\/www.online-sound.fr\\\/#organization\",\"name\":\"Online Sound\",\"url\":\"https:\\\/\\\/www.online-sound.fr\\\/\",\"logo\":{\"@type\":\"ImageObject\",\"inLanguage\":\"en-GB\",\"@id\":\"https:\\\/\\\/www.online-sound.fr\\\/#\\\/schema\\\/logo\\\/image\\\/\",\"url\":\"https:\\\/\\\/www.online-sound.fr\\\/wp-content\\\/uploads\\\/2025\\\/03\\\/167341379_padded_logo-2.png\",\"contentUrl\":\"https:\\\/\\\/www.online-sound.fr\\\/wp-content\\\/uploads\\\/2025\\\/03\\\/167341379_padded_logo-2.png\",\"width\":800,\"height\":800,\"caption\":\"Online Sound\"},\"image\":{\"@id\":\"https:\\\/\\\/www.online-sound.fr\\\/#\\\/schema\\\/logo\\\/image\\\/\"},\"sameAs\":[\"https:\\\/\\\/soundcloud.com\\\/onlinesound\"]}]}<\/script>\n<!-- \/ Yoast SEO plugin. -->","yoast_head_json":{"title":"Contact - Online Sound","description":"Vous pouvez nous contacter en remplissant le formulaire suivant et en pr\u00e9cisant l\u2019objet de votre demande ainsi que vos coordonn\u00e9es. Vous pouvez \u00e9galement","robots":{"index":"index","follow":"follow","max-snippet":"max-snippet:-1","max-image-preview":"max-image-preview:large","max-video-preview":"max-video-preview:-1"},"canonical":"https:\/\/www.online-sound.fr\/en\/contact\/","og_locale":"en_GB","og_type":"article","og_title":"Contact - Online Sound","og_description":"Vous pouvez nous contacter en remplissant le formulaire suivant et en pr\u00e9cisant l\u2019objet de votre demande ainsi que vos coordonn\u00e9es. Vous pouvez \u00e9galement","og_url":"https:\/\/www.online-sound.fr\/en\/contact\/","og_site_name":"Online Sound","article_modified_time":"2025-05-24T13:00:06+00:00","twitter_misc":{"Estimated reading time":"1 minute"},"schema":{"@context":"https:\/\/schema.org","@graph":[{"@type":"WebPage","@id":"https:\/\/www.online-sound.fr\/contact\/","url":"https:\/\/www.online-sound.fr\/contact\/","name":"Contact - Online Sound","isPartOf":{"@id":"https:\/\/www.online-sound.fr\/#website"},"datePublished":"2021-04-16T13:38:30+00:00","dateModified":"2025-05-24T13:00:06+00:00","description":"Vous pouvez nous contacter en remplissant le formulaire suivant et en pr\u00e9cisant l\u2019objet de votre demande ainsi que vos coordonn\u00e9es. Vous pouvez \u00e9galement","breadcrumb":{"@id":"https:\/\/www.online-sound.fr\/contact\/#breadcrumb"},"inLanguage":"en-GB","potentialAction":[{"@type":"ReadAction","target":["https:\/\/www.online-sound.fr\/contact\/"]}]},{"@type":"BreadcrumbList","@id":"https:\/\/www.online-sound.fr\/contact\/#breadcrumb","itemListElement":[{"@type":"ListItem","position":1,"name":"Accueil","item":"https:\/\/www.online-sound.fr\/"},{"@type":"ListItem","position":2,"name":"Contact"}]},{"@type":"WebSite","@id":"https:\/\/www.online-sound.fr\/#website","url":"https:\/\/www.online-sound.fr\/","name":"Online Sound","description":"Online mixing and mastering","publisher":{"@id":"https:\/\/www.online-sound.fr\/#organization"},"potentialAction":[{"@type":"SearchAction","target":{"@type":"EntryPoint","urlTemplate":"https:\/\/www.online-sound.fr\/?s={search_term_string}"},"query-input":{"@type":"PropertyValueSpecification","valueRequired":true,"valueName":"search_term_string"}}],"inLanguage":"en-GB"},{"@type":"Organization","@id":"https:\/\/www.online-sound.fr\/#organization","name":"Online Sound","url":"https:\/\/www.online-sound.fr\/","logo":{"@type":"ImageObject","inLanguage":"en-GB","@id":"https:\/\/www.online-sound.fr\/#\/schema\/logo\/image\/","url":"https:\/\/www.online-sound.fr\/wp-content\/uploads\/2025\/03\/167341379_padded_logo-2.png","contentUrl":"https:\/\/www.online-sound.fr\/wp-content\/uploads\/2025\/03\/167341379_padded_logo-2.png","width":800,"height":800,"caption":"Online Sound"},"image":{"@id":"https:\/\/www.online-sound.fr\/#\/schema\/logo\/image\/"},"sameAs":["https:\/\/soundcloud.com\/onlinesound"]}]}},"_links":{"self":[{"href":"https:\/\/www.online-sound.fr\/en\/wp-json\/wp\/v2\/pages\/30537","targetHints":{"allow":["GET"]}}],"collection":[{"href":"https:\/\/www.online-sound.fr\/en\/wp-json\/wp\/v2\/pages"}],"about":[{"href":"https:\/\/www.online-sound.fr\/en\/wp-json\/wp\/v2\/types\/page"}],"author":[{"embeddable":true,"href":"https:\/\/www.online-sound.fr\/en\/wp-json\/wp\/v2\/users\/1"}],"replies":[{"embeddable":true,"href":"https:\/\/www.online-sound.fr\/en\/wp-json\/wp\/v2\/comments?post=30537"}],"version-history":[{"count":45,"href":"https:\/\/www.online-sound.fr\/en\/wp-json\/wp\/v2\/pages\/30537\/revisions"}],"predecessor-version":[{"id":33049,"href":"https:\/\/www.online-sound.fr\/en\/wp-json\/wp\/v2\/pages\/30537\/revisions\/33049"}],"wp:attachment":[{"href":"https:\/\/www.online-sound.fr\/en\/wp-json\/wp\/v2\/media?parent=30537"}],"curies":[{"name":"wp","href":"https:\/\/api.w.org\/{rel}","templated":true}]}}