{"id":1229,"date":"2014-02-19T23:39:17","date_gmt":"2014-02-19T22:39:17","guid":{"rendered":"http:\/\/www.online-sound-studio.com\/?page_id=1229"},"modified":"2025-10-20T08:43:32","modified_gmt":"2025-10-20T07:43:32","slug":"mentions-legales","status":"publish","type":"page","link":"https:\/\/www.online-sound.fr\/en\/mentions-legales\/","title":{"rendered":"Privacy policy"},"content":{"rendered":"<p>Nous vous remercions de votre visite sur le site https:\/\/www.online-sound.fr\/<\/p>\n<p>Vous trouverez ci-dessous notre politique en mati\u00e8re de traitement de donn\u00e9es personnelles. Nous vous engageons vivement \u00e0 la lire, en visitant ce site vous acceptez les pratiques que nous d\u00e9taillons et vous adh\u00e9rez aux termes et conditions \u00e9nonc\u00e9es ci apr\u00e8s.<\/p>\n<p>Le site\u00a0https:\/\/www.online-sound.fr\/ est destin\u00e9 \u00e0 l\u2019information personnelle des internautes qui l\u2019utilisent.<\/p>\n<p>Informations g\u00e9n\u00e9rales :<br \/>\nCe site est propri\u00e9t\u00e9 de M. Julien LESUEUR<br \/>\nSi\u00e8ge social : M. Julien LESUEUR &#8211; 2 Square d&rsquo;Armenonville &#8211; 78150 LE CHESNAY, France<br \/>\nSIREN : 488218728<br \/>\nCe site a \u00e9t\u00e9 cr\u00e9\u00e9 par : MOUNTIMEDIA<br \/>\nCe site est maintenu par : M. Julien LESUEUR<br \/>\nCe site est h\u00e9berg\u00e9 par : EX2<br \/>\nContact : M. Julien LESUEUR<\/p>\n<p>Copyright :<br \/>\nONLINE SOUND est une marque d\u00e9pos\u00e9e et repr\u00e9sent\u00e9e par M. Julien LESUEUR.<\/p>\n<p>Droit applicable :<br \/>\nLe site Internet\u00a0https:\/\/www.online-sound.fr\/\u00a0et les pr\u00e9sentes conditions g\u00e9n\u00e9rales sont soumises au droit fran\u00e7ais et sont r\u00e9dig\u00e9es en fran\u00e7ais.<\/p>\n<p>ONLINE SOUND se r\u00e9serve le droit de modifier les pr\u00e9sentes mentions \u00e0 tout moment. L\u2019utilisateur s\u2019engage \u00e0 les\u00a0consulter r\u00e9guli\u00e8rement.<\/p>\n<p>Protection des donn\u00e9es personnelles :<br \/>\nLa consultation du site\u00a0https:\/\/www.online-sound.fr\/\u00a0est possible sans que vous ayez \u00e0 r\u00e9v\u00e9ler votre identit\u00e9 ou toute autre information \u00e0 caract\u00e8re personnel vous concernant.<br \/>\nONLINE SOUND s\u2019engage \u00e0 respecter votre vie priv\u00e9e et \u00e0 prot\u00e9ger les informations que vous lui communiquez. En particulier, les donn\u00e9es personnelles collect\u00e9es sur le site Internet https:\/\/www.online-sound.fr\/ sont destin\u00e9es \u00e0 l\u2019usage de ONLINE SOUND. Elles sont confidentielles et trait\u00e9es comme telles.<\/p>\n<p>Concernant les informations \u00e0 caract\u00e8re nominatif que vous seriez amen\u00e9s \u00e0 nous communiquer, vous b\u00e9n\u00e9ficiez d\u2019un droit d\u2019acc\u00e8s et de rectification conform\u00e9ment \u00e0 la loi fran\u00e7aise Informatique et Libert\u00e9 n\u00b0 78-17 du 6 janvier 1978. Vous pouvez exercer ce droit aupr\u00e8s de M. JULIEN LESUEUR \u2013 Adresse : 2 Square d&rsquo;Armenonville &#8211; 78150 LE CHESNAY.<br \/>\nSi vous \u00eates abonn\u00e9s \u00e0 des services d\u2019information par courrier \u00e9lectronique (\u00ab\u00a0newsletter\u00a0\u00bb) vous pouvez demander \u00e0 ne plus recevoir ces courriers.<\/p>\n<p>Nous vous signalons qu\u2019afin de vous proposer des produits et services toujours plus adapt\u00e9s, certaines informations \u00e0 caract\u00e8re non personnel, relatives \u00e0 votre activit\u00e9 sur ce site, seront automatiquement collect\u00e9es. Ces informations sont destin\u00e9es \u00e0\u00a0ONLINE SOUND\u00a0et pourront \u00e9galement \u00eatre utilis\u00e9es dans le cadre d\u2019op\u00e9rations commerciales ou de marketing ou servir de base \u00e0 des \u00e9tudes et analyses.<\/p>\n<p>Ces informations ne seront en aucun cas communiqu\u00e9es \u00e0 des tiers. Seul le personnel de\u00a0ONLINE SOUND\u00a0ont acc\u00e8s aux donn\u00e9es.<\/p>\n<p>S\u00e9curit\u00e9 :<br \/>\nNous prenons toutes les pr\u00e9cautions utiles afin de pr\u00e9server l\u2019int\u00e9grit\u00e9 des donn\u00e9es, leur confidentialit\u00e9 et emp\u00eacher toute communication \u00e0 des tiers non autoris\u00e9s.<\/p>\n<p>Liens hypertextes :<br \/>\nLa mise en place d\u2019un lien hypertexte vers le site https:\/\/www.online-sound.fr\/ ne n\u00e9cessite pas d\u2019autorisation pr\u00e9alable et \u00e9crite de\u00a0ONLINE SOUND\u00a0 N\u00e9anmoins,\u00a0ONLINE SOUND\u00a0doit en \u00eatre inform\u00e9 dans un d\u00e9lai maximum de 30 jours apr\u00e8s la mise en place du lien.<\/p>\n<p>En tout \u00e9tat de cause,\u00a0ONLINE SOUND\u00a0n\u2019est en aucun cas tenue responsable du contenu ainsi que des produits ou services propos\u00e9s sur les sites auxquels le site https:\/\/www.online-sound.fr\/ se trouverait li\u00e9 par des liens hypertextes ou tout autre type de lien.<\/p>\n<p><strong>Droits de propri\u00e9t\u00e9 intellectuelle :<\/strong><br \/>\n<strong> ONLINE SOUND avise les utilisateurs de ce site que de nombreux \u00e9l\u00e9ments de ce site :<\/strong><br \/>\n<strong> a) sont prot\u00e9g\u00e9s par la l\u00e9gislation sur le droit d\u2019auteur : ce peut \u00eatre notamment le cas des photographies, des articles, des dessins, des s\u00e9quences anim\u00e9es,&#8230; ;<\/strong><br \/>\n<strong> b) et\/ou sont prot\u00e9g\u00e9s par la l\u00e9gislation sur les dessins et mod\u00e8les ;<\/strong><br \/>\n<strong> c) sont prot\u00e9g\u00e9s par la l\u00e9gislation sur les marques.<\/strong><\/p>\n<p><strong>Les \u00e9l\u00e9ments ainsi prot\u00e9g\u00e9s sont la propri\u00e9t\u00e9 de ONLINE SOUND ou de tiers ayant autoris\u00e9 ONLINE SOUND \u00e0 les exploiter.<\/strong><\/p>\n<p><strong>Toute reproduction, repr\u00e9sentation, utilisation, adaptation, modification, incorporation, traduction, commercialisation, partielles ou int\u00e9grales par quelque proc\u00e9d\u00e9 et sur quelque support que ce soit (papier, num\u00e9rique, &#8230;) sont interdites, sans l\u2019autorisation \u00e9crite pr\u00e9alable de ONLINE SOUND, hormis les exceptions vis\u00e9es \u00e0 l\u2019article L 122.5 du Code de la Propri\u00e9t\u00e9 Intellectuelle, sous peine de constituer un d\u00e9lit de contrefa\u00e7on de droit d\u2019auteur et\/ou de dessins et mod\u00e8les et\/ou de marque, puni de deux ans d\u2019emprisonnement et de 150 000\u20ac d\u2019amende.<\/strong><\/p>\n<p><strong>Droits d\u2019auteur et\/ou Droits sur les Dessins et Mod\u00e8les :<\/strong><br \/>\n<strong> Les photographies, textes, slogans, dessins, images, s\u00e9quences anim\u00e9es sonores ou non ainsi que toutes les oeuvres int\u00e9gr\u00e9es dans le site sont la propri\u00e9t\u00e9 de ONLINE SOUND ou de tiers ayant autoris\u00e9 ONLINE SOUND \u00e0 les utiliser.<\/strong><\/p>\n<p><strong>Les reproductions, sur un support papier ou informatique, dudit site sont autoris\u00e9es sous r\u00e9serve qu\u2019elles soient strictement r\u00e9serv\u00e9es \u00e0 un usage personnel excluant tout usage \u00e0 des fins publicitaires et\/ou commerciales et\/ou d\u2019information et\/ou qu\u2019elles soient conformes aux dispositions de l\u2019article L122-5 du Code de la Propri\u00e9t\u00e9 Intellectuelle.<\/strong><\/p>\n<p>Informations relatives aux produits :<br \/>\nDans le cadre d\u2019une politique d\u2019am\u00e9lioration constante de ses produits et services, ONLINE SOUND peut modifier \u00e0 tout moment les caract\u00e9ristiques de son offre. Les produits et\/ou services pr\u00e9sent\u00e9s sur ce site sont ceux distribu\u00e9s en France m\u00e9tropolitaine.<\/p>\n<p>En tout \u00e9tat de cause, les informations contenues sur ce site sont des informations \u00e0 caract\u00e8re g\u00e9n\u00e9ral et n\u2019ont pas valeur contractuelle.<\/p>\n<p>Limitation de responsabilit\u00e9 :<br \/>\nVous utilisez le site\u00a0https:\/\/www.online-sound.fr\u00a0sous votre seule et enti\u00e8re responsabilit\u00e9. ONLINE SOUND ne pourra \u00eatre tenu pour responsable des dommages directs ou indirects, tels que, notamment, pr\u00e9judice mat\u00e9riel, pertes de donn\u00e9es ou de programme, pr\u00e9judice financier, r\u00e9sultant de l\u2019utilisation de ce site ou de sites qui lui sont li\u00e9s.<\/p>\n<p>Mise \u00e0 jour :<br \/>\nONLINE SOUND se r\u00e9serve le droit de modifier et de mettre \u00e0 jour, sans pr\u00e9avis, les pr\u00e9sentes mentions l\u00e9gales et tous les \u00e9l\u00e9ments, produits pr\u00e9sent\u00e9s sur le site. L\u2019ensemble de ces modifications s\u2019impose aux internautes qui doivent consulter les pr\u00e9sentes Conditions G\u00e9n\u00e9rales lors de chaque connexion.<\/p>\n<p>Donn\u00e9es statistiques de suivi :<br \/>\nNous utilisons les donn\u00e9es de connexion pour nos statistiques de consultation (type de navigateur, nombre de visiteurs, rubriques visit\u00e9es\u2026) pour l\u2019optimisation de notre site en terme de rubriques et de navigation, mais ces informations ne sont pas transmises \u00e0 des tiers.<\/p>\n<p>La reproduction sur support papier :<br \/>\nA l\u2019exception de l\u2019iconographie, la reproduction des pages de ce site sur un support papier est autoris\u00e9e, sous r\u00e9serve du respect des trois conditions suivantes :<\/p>\n<p>&#8211; gratuit\u00e9 de la diffusion.<br \/>\n&#8211; respect de l\u2019int\u00e9grit\u00e9 des documents reproduits (aucune modification, ni alt\u00e9ration d\u2019aucune sorte).<br \/>\n&#8211; citation explicite du site\u00a0https:\/\/www.online-sound.fr\/\u00a0comme source et mention que les droits de reproduction sont r\u00e9serv\u00e9s et strictement limit\u00e9es.<\/p>","protected":false},"excerpt":{"rendered":"<p>Nous vous remercions de votre visite sur le site https:\/\/www.online-sound.fr\/ Vous trouverez ci-dessous notre politique en mati\u00e8re de traitement de donn\u00e9es personnelles. Nous vous engageons vivement \u00e0 la lire, en visitant ce site vous acceptez les pratiques que nous d\u00e9taillons et vous adh\u00e9rez aux termes et conditions \u00e9nonc\u00e9es ci apr\u00e8s. Le site\u00a0https:\/\/www.online-sound.fr\/ est destin\u00e9 \u00e0&hellip;<\/p>","protected":false},"author":1,"featured_media":0,"parent":0,"menu_order":0,"comment_status":"closed","ping_status":"closed","template":"","meta":{"footnotes":""},"class_list":["post-1229","page","type-page","status-publish","hentry","description-off"],"yoast_head":"<!-- This site is optimized with the Yoast SEO plugin v27.5 - https:\/\/yoast.com\/product\/yoast-seo-wordpress\/ -->\n<title>Mentions L\u00e9gales - Online Sound<\/title>\n<meta name=\"description\" content=\"Nous vous remercions de votre visite sur le site https:\/\/www.online-sound.fr\/ Vous trouverez ci-dessous notre politique en mati\u00e8re de traitement de\" \/>\n<meta name=\"robots\" content=\"index, follow, max-snippet:-1, max-image-preview:large, max-video-preview:-1\" \/>\n<link rel=\"canonical\" href=\"https:\/\/www.online-sound.fr\/en\/mentions-legales\/\" \/>\n<meta property=\"og:locale\" content=\"en_GB\" \/>\n<meta property=\"og:type\" content=\"article\" \/>\n<meta property=\"og:title\" content=\"Mentions L\u00e9gales - Online Sound\" \/>\n<meta property=\"og:description\" content=\"Nous vous remercions de votre visite sur le site https:\/\/www.online-sound.fr\/ Vous trouverez ci-dessous notre politique en mati\u00e8re de traitement de\" \/>\n<meta property=\"og:url\" content=\"https:\/\/www.online-sound.fr\/en\/mentions-legales\/\" \/>\n<meta property=\"og:site_name\" content=\"Online Sound\" \/>\n<meta property=\"article:modified_time\" content=\"2025-10-20T07:43:32+00:00\" \/>\n<meta name=\"twitter:label1\" content=\"Estimated reading time\" \/>\n\t<meta name=\"twitter:data1\" content=\"5 minutes\" \/>\n<script type=\"application\/ld+json\" class=\"yoast-schema-graph\">{\"@context\":\"https:\\\/\\\/schema.org\",\"@graph\":[{\"@type\":\"WebPage\",\"@id\":\"https:\\\/\\\/www.online-sound.fr\\\/mentions-legales\\\/\",\"url\":\"https:\\\/\\\/www.online-sound.fr\\\/mentions-legales\\\/\",\"name\":\"Mentions L\u00e9gales - Online Sound\",\"isPartOf\":{\"@id\":\"https:\\\/\\\/www.online-sound.fr\\\/#website\"},\"datePublished\":\"2014-02-19T22:39:17+00:00\",\"dateModified\":\"2025-10-20T07:43:32+00:00\",\"description\":\"Nous vous remercions de votre visite sur le site https:\\\/\\\/www.online-sound.fr\\\/ Vous trouverez ci-dessous notre politique en mati\u00e8re de traitement de\",\"breadcrumb\":{\"@id\":\"https:\\\/\\\/www.online-sound.fr\\\/mentions-legales\\\/#breadcrumb\"},\"inLanguage\":\"en-GB\",\"potentialAction\":[{\"@type\":\"ReadAction\",\"target\":[\"https:\\\/\\\/www.online-sound.fr\\\/mentions-legales\\\/\"]}]},{\"@type\":\"BreadcrumbList\",\"@id\":\"https:\\\/\\\/www.online-sound.fr\\\/mentions-legales\\\/#breadcrumb\",\"itemListElement\":[{\"@type\":\"ListItem\",\"position\":1,\"name\":\"Accueil\",\"item\":\"https:\\\/\\\/www.online-sound.fr\\\/\"},{\"@type\":\"ListItem\",\"position\":2,\"name\":\"Mentions L\u00e9gales\"}]},{\"@type\":\"WebSite\",\"@id\":\"https:\\\/\\\/www.online-sound.fr\\\/#website\",\"url\":\"https:\\\/\\\/www.online-sound.fr\\\/\",\"name\":\"Online Sound\",\"description\":\"Mixage et Mastering en ligne\",\"publisher\":{\"@id\":\"https:\\\/\\\/www.online-sound.fr\\\/#organization\"},\"potentialAction\":[{\"@type\":\"SearchAction\",\"target\":{\"@type\":\"EntryPoint\",\"urlTemplate\":\"https:\\\/\\\/www.online-sound.fr\\\/?s={search_term_string}\"},\"query-input\":{\"@type\":\"PropertyValueSpecification\",\"valueRequired\":true,\"valueName\":\"search_term_string\"}}],\"inLanguage\":\"en-GB\"},{\"@type\":\"Organization\",\"@id\":\"https:\\\/\\\/www.online-sound.fr\\\/#organization\",\"name\":\"Online Sound\",\"url\":\"https:\\\/\\\/www.online-sound.fr\\\/\",\"logo\":{\"@type\":\"ImageObject\",\"inLanguage\":\"en-GB\",\"@id\":\"https:\\\/\\\/www.online-sound.fr\\\/#\\\/schema\\\/logo\\\/image\\\/\",\"url\":\"https:\\\/\\\/www.online-sound.fr\\\/wp-content\\\/uploads\\\/2025\\\/03\\\/167341379_padded_logo-2.png\",\"contentUrl\":\"https:\\\/\\\/www.online-sound.fr\\\/wp-content\\\/uploads\\\/2025\\\/03\\\/167341379_padded_logo-2.png\",\"width\":800,\"height\":800,\"caption\":\"Online Sound\"},\"image\":{\"@id\":\"https:\\\/\\\/www.online-sound.fr\\\/#\\\/schema\\\/logo\\\/image\\\/\"},\"sameAs\":[\"https:\\\/\\\/soundcloud.com\\\/onlinesound\"]}]}<\/script>\n<!-- \/ Yoast SEO plugin. -->","yoast_head_json":{"title":"Mentions L\u00e9gales - Online Sound","description":"Nous vous remercions de votre visite sur le site https:\/\/www.online-sound.fr\/ Vous trouverez ci-dessous notre politique en mati\u00e8re de traitement de","robots":{"index":"index","follow":"follow","max-snippet":"max-snippet:-1","max-image-preview":"max-image-preview:large","max-video-preview":"max-video-preview:-1"},"canonical":"https:\/\/www.online-sound.fr\/en\/mentions-legales\/","og_locale":"en_GB","og_type":"article","og_title":"Mentions L\u00e9gales - Online Sound","og_description":"Nous vous remercions de votre visite sur le site https:\/\/www.online-sound.fr\/ Vous trouverez ci-dessous notre politique en mati\u00e8re de traitement de","og_url":"https:\/\/www.online-sound.fr\/en\/mentions-legales\/","og_site_name":"Online Sound","article_modified_time":"2025-10-20T07:43:32+00:00","twitter_misc":{"Estimated reading time":"5 minutes"},"schema":{"@context":"https:\/\/schema.org","@graph":[{"@type":"WebPage","@id":"https:\/\/www.online-sound.fr\/mentions-legales\/","url":"https:\/\/www.online-sound.fr\/mentions-legales\/","name":"Mentions L\u00e9gales - Online Sound","isPartOf":{"@id":"https:\/\/www.online-sound.fr\/#website"},"datePublished":"2014-02-19T22:39:17+00:00","dateModified":"2025-10-20T07:43:32+00:00","description":"Nous vous remercions de votre visite sur le site https:\/\/www.online-sound.fr\/ Vous trouverez ci-dessous notre politique en mati\u00e8re de traitement de","breadcrumb":{"@id":"https:\/\/www.online-sound.fr\/mentions-legales\/#breadcrumb"},"inLanguage":"en-GB","potentialAction":[{"@type":"ReadAction","target":["https:\/\/www.online-sound.fr\/mentions-legales\/"]}]},{"@type":"BreadcrumbList","@id":"https:\/\/www.online-sound.fr\/mentions-legales\/#breadcrumb","itemListElement":[{"@type":"ListItem","position":1,"name":"Accueil","item":"https:\/\/www.online-sound.fr\/"},{"@type":"ListItem","position":2,"name":"Mentions L\u00e9gales"}]},{"@type":"WebSite","@id":"https:\/\/www.online-sound.fr\/#website","url":"https:\/\/www.online-sound.fr\/","name":"Online Sound","description":"Online mixing and mastering","publisher":{"@id":"https:\/\/www.online-sound.fr\/#organization"},"potentialAction":[{"@type":"SearchAction","target":{"@type":"EntryPoint","urlTemplate":"https:\/\/www.online-sound.fr\/?s={search_term_string}"},"query-input":{"@type":"PropertyValueSpecification","valueRequired":true,"valueName":"search_term_string"}}],"inLanguage":"en-GB"},{"@type":"Organization","@id":"https:\/\/www.online-sound.fr\/#organization","name":"Online Sound","url":"https:\/\/www.online-sound.fr\/","logo":{"@type":"ImageObject","inLanguage":"en-GB","@id":"https:\/\/www.online-sound.fr\/#\/schema\/logo\/image\/","url":"https:\/\/www.online-sound.fr\/wp-content\/uploads\/2025\/03\/167341379_padded_logo-2.png","contentUrl":"https:\/\/www.online-sound.fr\/wp-content\/uploads\/2025\/03\/167341379_padded_logo-2.png","width":800,"height":800,"caption":"Online Sound"},"image":{"@id":"https:\/\/www.online-sound.fr\/#\/schema\/logo\/image\/"},"sameAs":["https:\/\/soundcloud.com\/onlinesound"]}]}},"_links":{"self":[{"href":"https:\/\/www.online-sound.fr\/en\/wp-json\/wp\/v2\/pages\/1229","targetHints":{"allow":["GET"]}}],"collection":[{"href":"https:\/\/www.online-sound.fr\/en\/wp-json\/wp\/v2\/pages"}],"about":[{"href":"https:\/\/www.online-sound.fr\/en\/wp-json\/wp\/v2\/types\/page"}],"author":[{"embeddable":true,"href":"https:\/\/www.online-sound.fr\/en\/wp-json\/wp\/v2\/users\/1"}],"replies":[{"embeddable":true,"href":"https:\/\/www.online-sound.fr\/en\/wp-json\/wp\/v2\/comments?post=1229"}],"version-history":[{"count":1,"href":"https:\/\/www.online-sound.fr\/en\/wp-json\/wp\/v2\/pages\/1229\/revisions"}],"predecessor-version":[{"id":32875,"href":"https:\/\/www.online-sound.fr\/en\/wp-json\/wp\/v2\/pages\/1229\/revisions\/32875"}],"wp:attachment":[{"href":"https:\/\/www.online-sound.fr\/en\/wp-json\/wp\/v2\/media?parent=1229"}],"curies":[{"name":"wp","href":"https:\/\/api.w.org\/{rel}","templated":true}]}}